{"id":2,"date":"2020-08-08T12:33:44","date_gmt":"2020-08-08T15:33:44","guid":{"rendered":"http:\/\/comunidadehodie.web202.uni5.net\/novo\/?page_id=2"},"modified":"2020-10-20T23:45:54","modified_gmt":"2020-10-21T02:45:54","slug":"pagina-exemplo","status":"publish","type":"page","link":"https:\/\/comunidadehodie.com.br\/novo\/pagina-exemplo\/","title":{"rendered":"Comunidade Hodie"},"content":{"rendered":"<div id=\"wppb-builder-container\" class=\"wppb-builder-container\">\n<figure class=\"wp-block-embed-youtube wp-block-embed is-type-video is-provider-youtube wp-embed-aspect-16-9 wp-has-aspect-ratio\"><div class=\"wp-block-embed__wrapper\">\n<div class=\"video\"><iframe title=\"Comunidade Hodie - Franca\/SP - Nossa Hist\u00f3ria 2\" width=\"640\" height=\"360\" src=\"https:\/\/www.youtube.com\/embed\/bhJlePW1iZA?feature=oembed\" frameborder=\"0\" allow=\"accelerometer; autoplay; encrypted-media; gyroscope; picture-in-picture\" allowfullscreen><\/iframe><\/div>\n<\/div><\/figure>\n\n\n\n<p>A Comunidade Hodie \u00e9 uma Comunidade de Vida e Alian\u00e7a que est\u00e1 dentro dos moldes das Novas Comunidades. Somos uma associa\u00e7\u00e3o privada de fi\u00e9is leigos que tem o desejo de levar a Boa Nova anunciada por Cristo Jesus a todos quanto conseguirmos alcan\u00e7ar. Temos como carisma a \u201cUrg\u00eancia da Convers\u00e3o\u201d e nosso Patrono \u00e9 Santo Expedito. Nosso Carisma \u00e9 baseado na Palavra de Nosso Senhor que est\u00e1 no Evangelho de S\u00e3o Lucas 13, 23-24 :&nbsp;\u201cAlgu\u00e9m lhe perguntou: Senhor, s\u00e3o poucos os que se salvam? Ele respondeu: fazei todo esfor\u00e7o poss\u00edvel para entrar pela porta estreita; porque, eu vos digo, muitos procurar\u00e3o entrar e n\u00e3o conseguir\u00e3o\u201d. Baseado nessa Palavra, desejamos levar todos a um encontro pessoal com o Senhor Ressuscitado, sempre lembrando de sua Paix\u00e3o na Cruz, a fim de que, todos que experimentam esse amor, decidam fazer todo o esfor\u00e7o poss\u00edvel para alcan\u00e7ar a vida eterna.&nbsp;<\/p>\n\n\n\n<h2>O Fundador e a Hist\u00f3ria da Comunidade<\/h2>\n\n\n\n<p>A Comunidade e o Padre est\u00e3o intimamente ligados. A Comunidade existe porque antes nasceu de um desejo no cora\u00e7\u00e3o do fundador. Antes de ambos estava Deus que j\u00e1 preparava os caminhos.&nbsp;Padre Dalm\u00e1cio nasceu na cidade de Franca-SP e aos cinco anos mudou-se para Goi\u00e1s. Morou em Inhumas, pr\u00f3xima a Goi\u00e1s, mas, ainda crian\u00e7a foi morar em uma ch\u00e1cara pr\u00f3xima dali. De fam\u00edlia cat\u00f3lica onde seus pais, Expedito e \u00c1urea, criaram com amor, simplicidade e na educa\u00e7\u00e3o religiosa ele e seus quatro irm\u00e3os: Lu\u00eds, Geovani, Narc\u00edsio e Am\u00e9lia.<\/p>\n\n\n\n<p>Esse foi um per\u00edodo de quatro anos e de grande aprendizado na f\u00e9, marcado pela primeira Comunh\u00e3o e a conviv\u00eancia familiar. Os pais eram zelosos e trabalhadores. A m\u00e3e cuidava dos afazeres dom\u00e9sticos e dos filhos e o pai era negociante de gado. A m\u00e3e produzia queijos, enlatava pimentas, matava frangos que o pequeno Dalm\u00e1cio com seus irm\u00e3os vendiam na cidade.<\/p>\n\n\n\n<p>Quando voltou para Franca, j\u00e1 adolescente, continuou seus estudos e sonhava em crescer na vida como comerciante e um dia constituir fam\u00edlia. O sonho do com\u00e9rcio veio a se realizar em sociedade com seus tr\u00eas irm\u00e3os abrindo uma loja de Agropecu\u00e1ria que recebeu o nome de FranPalma. Sua irm\u00e3 j\u00e1 casada n\u00e3o se interessou em entrar na sociedade.&nbsp;<\/p>\n\n\n\n<p>Tocando a vida, namorou e chegou at\u00e9 mesmo a ser noivo, mas os planos de Deus eram outros. Vivenciou a gra\u00e7a do Batismo no Esp\u00edrito Santo e uma inquieta\u00e7\u00e3o nasceu em seu cora\u00e7\u00e3o. Foi per\u00edodo de discernimento e conflito, pois, sua inquieta\u00e7\u00e3o pedia uma nova dire\u00e7\u00e3o em sua vida. Romper com o noivado, abrir m\u00e3o da loja, buscar uma vida nova. Uma vida realizada na entrega total a Deus atrav\u00e9s do Sacramento do Ordem. Decidiu-se pelo chamado de Deus a uma vida Sacerdotal e no per\u00edodo mesmo de forma\u00e7\u00e3o j\u00e1 nascia em seu cora\u00e7\u00e3o o desejo pela Vida de Comunidade.&nbsp;<\/p>\n\n\n\n<p>Em seu per\u00edodo de seminarista ele j\u00e1 se questionava sobre a vida religiosa e chegou a pensar em ser palotino. Orientado pelo seu diretor espiritual permaneceu no semin\u00e1rio diocesano para maior discernimento nesse per\u00edodo de forma\u00e7\u00e3o. Passou por todo o processo formativo e se ordenou di\u00e1cono no dia 19 de agosto de 2006. Serviu com fidelidade a Igreja durante o diaconato e veio a ser ordenado padre no dia 08 de fevereiro de 2007 na Catedral da Imaculada Concei\u00e7\u00e3o na diocese de Franca.<\/p>\n\n\n\n<p>Por\u00e9m, o chamado de Deus n\u00e3o muda. J\u00e1 padre, come\u00e7ou a participar de uma adora\u00e7\u00e3o na Escola Hallel com o pessoal Encontro com Jesus (S\u00edtio do V\u00f4 Ivo) e foi assim que o desejo pela Vida de Comunidade ardeu mais uma vez em seu cora\u00e7\u00e3o. A princ\u00edpio pensava em rezar pelos comerciantes pensando na situa\u00e7\u00e3o de emprego no Brasil e provavelmente influenciado pela sua antiga profiss\u00e3o. Mas, apenas fazia parte dos des\u00edgnios de Deus para lhe mostrar o verdadeiro carisma de uma Comunidade que iria nascer. Pensando nos comerciantes tomou como santo de devo\u00e7\u00e3o Santo Expedito, que \u00e9 o santo que intercede pelos comerciantes e empres\u00e1rios. Foi ent\u00e3o que percebeu que este santo era mais que um intercessor de comerciantes, mas, um grande servo de Deus que mostrava a urg\u00eancia em se converter para ganhar o Reino dos C\u00e9us. Foi assim que Padre Dalm\u00e1cio enxergou o verdadeiro carisma que Deus queria para a Comunidade.&nbsp;<\/p>\n\n\n\n<p>Pediu ent\u00e3o a Deus um sinal vis\u00edvel de sua vontade. No final de 2009 foi beneficiado por uma tia com um terreno, que hoje \u00e9 onde est\u00e1 a comunidade, que ficou sabendo de seus prop\u00f3sitos e viu a\u00ed a m\u00e3o de Deus e sua voz como se estivesse dizendo: &#8220;Vai, Sou Eu quem te chamo&#8221;. Foi ent\u00e3o trabalhando a&nbsp;ideia&nbsp;e iniciou as constru\u00e7\u00f5es em julho de 2011 e no dia 23 de dezembro de 2012 j\u00e1 se mudava para a casa no terreno onde hoje \u00e9 a casa sede da Comunidade.&nbsp;<\/p>\n\n\n\n<p>Antes de se mudar morava em uma casa alugada no bairro Santa Ad\u00e9lia onde iniciou as atividades da Comunidade e j\u00e1 acolhia membros de vida e Alian\u00e7a. Atualmente a Comunidade est\u00e1 em processo de crescimento e estrutura\u00e7\u00e3o e as gra\u00e7as de Deus s\u00e3o vis\u00edveis a todos que participam ou v\u00eam at\u00e9 a Comunidade. Hoje temos a alegria de entender a for\u00e7a de um carisma e como Deus age atrav\u00e9s dele na vida das pessoas.<\/p>\n\n\n\n<p>Todos n\u00f3s &#8211; fundador, membros de vida e de alian\u00e7a &#8211; somos gratos a Deus pelo carisma que colocou em nosso cora\u00e7\u00e3o!<\/p>\n\n\n\n<p>Se voc\u00ea tamb\u00e9m sente um chamado a uma vida de entrega a Deus, entre em contato conosco e venha fazer parte dessa obra!<\/p>\n\n\n\n<figure class=\"wp-block-image size-large\"><img loading=\"lazy\" width=\"984\" height=\"419\" src=\"http:\/\/comunidadehodie.web202.uni5.net\/novo\/wp-content\/uploads\/2020\/09\/0000.jpg\" alt=\"\" class=\"wp-image-3687\" srcset=\"https:\/\/comunidadehodie.com.br\/novo\/wp-content\/uploads\/2020\/09\/0000.jpg 984w, https:\/\/comunidadehodie.com.br\/novo\/wp-content\/uploads\/2020\/09\/0000-300x128.jpg 300w, https:\/\/comunidadehodie.com.br\/novo\/wp-content\/uploads\/2020\/09\/0000-768x327.jpg 768w, https:\/\/comunidadehodie.com.br\/novo\/wp-content\/uploads\/2020\/09\/0000-228x97.jpg 228w\" sizes=\"(max-width: 984px) 100vw, 984px\" \/><\/figure>\n<\/div>","protected":false},"excerpt":{"rendered":"<p>A Comunidade Hodie \u00e9 uma Comunidade de Vida e Alian\u00e7a que est\u00e1 dentro dos moldes das Novas Comunidades. Somos uma associa\u00e7\u00e3o privada de fi\u00e9is leigos que tem o desejo de levar a Boa Nova anunciada por Cristo Jesus a todos quanto conseguirmos alcan\u00e7ar. Temos como carisma a \u201cUrg\u00eancia da Convers\u00e3o\u201d e nosso Patrono \u00e9 Santo Expedito. Nosso Carisma \u00e9 baseado na Palavra de Nosso Senhor que est\u00e1 no Evangelho de S\u00e3o Lucas 13, 23-24 :&nbsp;\u201cAlgu\u00e9m lhe perguntou: Senhor, s\u00e3o poucos&hellip;<\/p>\n","protected":false},"author":1,"featured_media":0,"parent":0,"menu_order":0,"comment_status":"closed","ping_status":"open","template":"","meta":[],"_links":{"self":[{"href":"https:\/\/comunidadehodie.com.br\/novo\/wp-json\/wp\/v2\/pages\/2"}],"collection":[{"href":"https:\/\/comunidadehodie.com.br\/novo\/wp-json\/wp\/v2\/pages"}],"about":[{"href":"https:\/\/comunidadehodie.com.br\/novo\/wp-json\/wp\/v2\/types\/page"}],"author":[{"embeddable":true,"href":"https:\/\/comunidadehodie.com.br\/novo\/wp-json\/wp\/v2\/users\/1"}],"replies":[{"embeddable":true,"href":"https:\/\/comunidadehodie.com.br\/novo\/wp-json\/wp\/v2\/comments?post=2"}],"version-history":[{"count":3,"href":"https:\/\/comunidadehodie.com.br\/novo\/wp-json\/wp\/v2\/pages\/2\/revisions"}],"predecessor-version":[{"id":3691,"href":"https:\/\/comunidadehodie.com.br\/novo\/wp-json\/wp\/v2\/pages\/2\/revisions\/3691"}],"wp:attachment":[{"href":"https:\/\/comunidadehodie.com.br\/novo\/wp-json\/wp\/v2\/media?parent=2"}],"curies":[{"name":"wp","href":"https:\/\/api.w.org\/{rel}","templated":true}]}}