{"id":3701,"date":"2020-09-23T21:55:24","date_gmt":"2020-09-24T00:55:24","guid":{"rendered":"http:\/\/comunidadehodie.web202.uni5.net\/novo\/?page_id=3701"},"modified":"2020-10-20T22:47:32","modified_gmt":"2020-10-21T01:47:32","slug":"cease","status":"publish","type":"page","link":"https:\/\/comunidadehodie.com.br\/novo\/pagina-exemplo\/cease\/","title":{"rendered":"Cease"},"content":{"rendered":"<div id=\"wppb-builder-container\" class=\"wppb-builder-container\">                <div  class=\"wppb-row-parent  wppb-row-1600910150092 \"  >\n\t\t\t\t\t\n\t\t\t\t\t\t\t\t\t\t\n\t\t\t\t\t\t\t\t\t\t\n\t\t\t\t\t<div class=\"wppb-container \">\n\t\t\t\t\t\t\t\t\t\t\t\t\t\n                        <div class=\"wppb-row\">\n\t\t\t\t\t\t\t                                    <div  class=\"wppb-column-parent wppb-column-parent-view wppb-col-1600910150091  \"  >\n                                        <div class=\"wppb-column\">\n\t\t\t\t\t\n\t\t\t\t\t\t\t\t\t\t\t\n                                            <div class=\"wppb-builder-addons\">\n\t\t\t\t\t\t\t\t\t\t\t\t<div class='wppb-builder-addon wppb-addon-1600910221036'  data-addon-id='1600910221036'><div class='wppb-addon'><div class=\"wppb-text-block-addon\"><div class=\"wppb-text-block-content 0\"><h3 style=\"text-align: center;\"><strong>CENTRO DE EVANGELIZA\u00c7\u00c3O E A\u00c7\u00c3O SOCIAL SANTO EXPEDITO (CEASE)<\/strong><\/h3><p>\u00a0<\/p><p>Conforme o carisma da Comunidade Hodie, a urg\u00eancia da convers\u00e3o, o objetivo do trabalho do Cease \u00e9 o de evangelizar levando, sobretudo, o alimento espiritual por meio da palavra de Deus , aos irm\u00e3os necessitados .<\/p><p>Para realiza\u00e7\u00e3o da obra \u00e9 mantida uma casa de miss\u00e3o em um bairro da cidade de Franca. O trabalho consiste no atendimento mensal as fam\u00edlias carentes por meio de visitas domiciliares ou atendimento di\u00e1rio no Cease.<\/p><p>Nas visitas realizadas mensalmente as fam\u00edlias s\u00e3o fornecidas cestas de alimentos, leite, medicamentos, roupas e utens\u00edlios dom\u00e9sticos doados ao Cease por meio de campanhas ou doa\u00e7\u00f5es diretas de pessoas que frequentam a Comunidade Hodie. Durante as visitas s\u00e3o realizadas ora\u00e7\u00f5es, orienta\u00e7\u00f5es e a escuta fraterna, pois muitas pessoas querem partilhar os sofrimentos e esperam por palavras de consola\u00e7\u00e3o e de esperan\u00e7a.<\/p><p>Diariamente s\u00e3o oferecidas as crian\u00e7as e fam\u00edlias que residem pr\u00f3ximas ao Cease leite, p\u00e3o, bolachas e bolo no per\u00edodo da tarde, pois com a pandemia e suspens\u00e3o das aulas, as crian\u00e7as ficaram sem a merenda escolar.<\/p><p>Toda a obra \u00e9 mantida por meio de doa\u00e7\u00f5es, principalmente das pessoas que colaboram com o Projeto \u201cM\u00e3os Solid\u00e1rias\u201d da Comunidade Hodie. Tamb\u00e9m \u00e9 mantido um bazar de roupas e sapatos para arrecada\u00e7\u00e3o de recursos, al\u00e9m de algumas promo\u00e7\u00f5es.<\/p><p>Acolher, evangelizar e ir ao encontro dos irm\u00e3os necessitados tem sido o prop\u00f3sito do Cease.<\/p><\/div><\/div><\/div><\/div>                                            <\/div>\n                                        <\/div>\n                                    <\/div>\n\t\t\t\t\t\t\t\t\t                        <\/div>\n\n                    <\/div>\n                <\/div>\n\t\t\t\t                <div  class=\"wppb-row-parent  wppb-row-1600910150083 \"  >\n\t\t\t\t\t\n\t\t\t\t\t\t\t\t\t\t\n\t\t\t\t\t\t\t\t\t\t\n\t\t\t\t\t<div class=\"wppb-container \">\n\t\t\t\t\t\t\t\t\t\t\t\t\t\n                        <div class=\"wppb-row\">\n\t\t\t\t\t\t\t                                    <div  class=\"wppb-column-parent wppb-column-parent-view wppb-col-1600910150082  \"  >\n                                        <div class=\"wppb-column\">\n\t\t\t\t\t\n\t\t\t\t\t\t\t\t\t\t\t\n                                            <div class=\"wppb-builder-addons\">\n\t\t\t\t\t\t\t\t\t\t\t\t<div class='wppb-builder-addon wppb-addon-1600910196822'  data-addon-id='1600910196822'><div class='wppb-addon'><div class=\"wppb-image-addon\"><figure class=\"wppb-image-addon-content-wrap\"><div class=\"wppb-image-addon-content wppb-imginlineblock\"><img class=\"wppb-image-addon-img\" src=\"https:\/\/comunidadehodie.com.br\/novo\/wp-content\/uploads\/2020\/09\/foto-7.jpg\" alt=\"Image\"><\/div><figcaption class=\"wppb-addon-image-caption\">Sede do Cease<\/figcaption><\/figure><\/div><\/div><\/div>                                            <\/div>\n                                        <\/div>\n                                    <\/div>\n\t\t\t\t\t\t\t\t\t                        <\/div>\n\n                    <\/div>\n                <\/div>\n\t\t\t\t<\/div>","protected":false},"excerpt":{"rendered":"<p>CENTRO DE EVANGELIZA\u00c7\u00c3O E A\u00c7\u00c3O SOCIAL SANTO EXPEDITO (CEASE)\u00a0Conforme o carisma da Comunidade Hodie, a urg\u00eancia da convers\u00e3o, o objetivo do trabalho do Cease \u00e9 o de evangelizar levando, sobretudo, o alimento espiritual por meio da palavra de Deus , aos irm\u00e3os necessitados .Para realiza\u00e7\u00e3o da obra \u00e9 mantida uma casa de miss\u00e3o em um bairro da cidade de Franca. O trabalho consiste no atendimento mensal as fam\u00edlias carentes por meio de visitas domiciliares ou atendimento di\u00e1rio no Cease.Nas visitas&hellip;<\/p>\n","protected":false},"author":1,"featured_media":0,"parent":2,"menu_order":2,"comment_status":"closed","ping_status":"closed","template":"","meta":[],"_links":{"self":[{"href":"https:\/\/comunidadehodie.com.br\/novo\/wp-json\/wp\/v2\/pages\/3701"}],"collection":[{"href":"https:\/\/comunidadehodie.com.br\/novo\/wp-json\/wp\/v2\/pages"}],"about":[{"href":"https:\/\/comunidadehodie.com.br\/novo\/wp-json\/wp\/v2\/types\/page"}],"author":[{"embeddable":true,"href":"https:\/\/comunidadehodie.com.br\/novo\/wp-json\/wp\/v2\/users\/1"}],"replies":[{"embeddable":true,"href":"https:\/\/comunidadehodie.com.br\/novo\/wp-json\/wp\/v2\/comments?post=3701"}],"version-history":[{"count":1,"href":"https:\/\/comunidadehodie.com.br\/novo\/wp-json\/wp\/v2\/pages\/3701\/revisions"}],"predecessor-version":[{"id":3702,"href":"https:\/\/comunidadehodie.com.br\/novo\/wp-json\/wp\/v2\/pages\/3701\/revisions\/3702"}],"up":[{"embeddable":true,"href":"https:\/\/comunidadehodie.com.br\/novo\/wp-json\/wp\/v2\/pages\/2"}],"wp:attachment":[{"href":"https:\/\/comunidadehodie.com.br\/novo\/wp-json\/wp\/v2\/media?parent=3701"}],"curies":[{"name":"wp","href":"https:\/\/api.w.org\/{rel}","templated":true}]}}