{"id":3714,"date":"2020-09-23T22:10:13","date_gmt":"2020-09-24T01:10:13","guid":{"rendered":"http:\/\/comunidadehodie.web202.uni5.net\/novo\/?page_id=3714"},"modified":"2020-10-20T23:47:46","modified_gmt":"2020-10-21T02:47:46","slug":"testemunhos","status":"publish","type":"page","link":"https:\/\/comunidadehodie.com.br\/novo\/testemunhos\/","title":{"rendered":"Testemunhos"},"content":{"rendered":"<div id=\"wppb-builder-container\" class=\"wppb-builder-container\">                <div  class=\"wppb-row-parent  wppb-row-1603239106030 \"  >\n\t\t\t\t\t\n\t\t\t\t\t\t\t\t\t\t\n\t\t\t\t\t\t\t\t\t\t\n\t\t\t\t\t<div class=\"wppb-container \">\n\t\t\t\t\t\t\t\t\t\t\t\t\t\n                        <div class=\"wppb-row\">\n\t\t\t\t\t\t\t                                    <div  class=\"wppb-column-parent wppb-column-parent-view wppb-col-1603239106029  \"  >\n                                        <div class=\"wppb-column\">\n\t\t\t\t\t\n\t\t\t\t\t\t\t\t\t\t\t\n                                            <div class=\"wppb-builder-addons\">\n\t\t\t\t\t\t\t\t\t\t\t\t<div class='wppb-builder-addon wppb-addon-1603239652209'  data-addon-id='1603239652209'><div class='wppb-addon'>            <div class=\"wppb-carousel-addon\">\n            <div class=\"wppb-carousel-addon-content\">\n                <div class=\"wppb-carousel stick-dots\" data-addon-id=\"1603239652209\" data-settings=\"{&quot;arrow_option&quot;:&quot;1&quot;,&quot;control_option&quot;:&quot;1&quot;,&quot;autoplay_option&quot;:&quot;1&quot;,&quot;animated_speed&quot;:&quot;600&quot;,&quot;slide_height&quot;:{&quot;md&quot;:&quot;600px&quot;,&quot;sm&quot;:&quot;&quot;,&quot;xs&quot;:&quot;&quot;},&quot;nav_color&quot;:&quot;#fff&quot;,&quot;nav_bg&quot;:{&quot;colorType&quot;:&quot;color&quot;,&quot;colorColor&quot;:&quot;#252525&quot;,&quot;colorGradient&quot;:[],&quot;clip&quot;:false},&quot;nav_width&quot;:{&quot;md&quot;:&quot;40px&quot;,&quot;sm&quot;:&quot;&quot;,&quot;xs&quot;:&quot;&quot;},&quot;nav_height&quot;:{&quot;md&quot;:&quot;40px&quot;,&quot;sm&quot;:&quot;&quot;,&quot;xs&quot;:&quot;&quot;},&quot;nav_radius&quot;:{&quot;md&quot;:{&quot;top&quot;:&quot;2px&quot;,&quot;right&quot;:&quot;2px&quot;,&quot;bottom&quot;:&quot;2px&quot;,&quot;left&quot;:&quot;2px&quot;},&quot;sm&quot;:{&quot;top&quot;:&quot;&quot;,&quot;right&quot;:&quot;&quot;,&quot;bottom&quot;:&quot;&quot;,&quot;left&quot;:&quot;&quot;},&quot;xs&quot;:{&quot;top&quot;:&quot;&quot;,&quot;right&quot;:&quot;&quot;,&quot;bottom&quot;:&quot;&quot;,&quot;left&quot;:&quot;&quot;}},&quot;nav_position&quot;:{&quot;md&quot;:&quot;50%&quot;,&quot;sm&quot;:&quot;&quot;,&quot;xs&quot;:&quot;&quot;},&quot;dot_bg&quot;:{&quot;colorType&quot;:&quot;color&quot;,&quot;colorColor&quot;:&quot;#3666E4&quot;,&quot;colorGradient&quot;:[],&quot;clip&quot;:false},&quot;dots_width&quot;:{&quot;md&quot;:&quot;40px&quot;,&quot;sm&quot;:&quot;&quot;,&quot;xs&quot;:&quot;&quot;},&quot;dots_height&quot;:{&quot;md&quot;:&quot;5px&quot;,&quot;sm&quot;:&quot;&quot;,&quot;xs&quot;:&quot;&quot;},&quot;dots_radius&quot;:{&quot;md&quot;:{&quot;top&quot;:&quot;2px&quot;,&quot;right&quot;:&quot;2px&quot;,&quot;bottom&quot;:&quot;2px&quot;,&quot;left&quot;:&quot;2px&quot;},&quot;sm&quot;:{&quot;top&quot;:&quot;&quot;,&quot;right&quot;:&quot;&quot;,&quot;bottom&quot;:&quot;&quot;,&quot;left&quot;:&quot;&quot;},&quot;xs&quot;:{&quot;top&quot;:&quot;&quot;,&quot;right&quot;:&quot;&quot;,&quot;bottom&quot;:&quot;&quot;,&quot;left&quot;:&quot;&quot;}},&quot;dots_position&quot;:{&quot;md&quot;:&quot;35px&quot;,&quot;sm&quot;:&quot;&quot;,&quot;xs&quot;:&quot;&quot;},&quot;content_padding&quot;:{&quot;md&quot;:{&quot;top&quot;:&quot;&quot;,&quot;right&quot;:&quot;&quot;,&quot;bottom&quot;:&quot;&quot;,&quot;left&quot;:&quot;&quot;},&quot;sm&quot;:{&quot;top&quot;:&quot;&quot;,&quot;right&quot;:&quot;&quot;,&quot;bottom&quot;:&quot;&quot;,&quot;left&quot;:&quot;&quot;},&quot;xs&quot;:{&quot;top&quot;:&quot;&quot;,&quot;right&quot;:&quot;&quot;,&quot;bottom&quot;:&quot;&quot;,&quot;left&quot;:&quot;&quot;}},&quot;content_margin&quot;:{&quot;md&quot;:{&quot;top&quot;:&quot;&quot;,&quot;right&quot;:&quot;&quot;,&quot;bottom&quot;:&quot;&quot;,&quot;left&quot;:&quot;&quot;},&quot;sm&quot;:{&quot;top&quot;:&quot;&quot;,&quot;right&quot;:&quot;&quot;,&quot;bottom&quot;:&quot;&quot;,&quot;left&quot;:&quot;&quot;},&quot;xs&quot;:{&quot;top&quot;:&quot;&quot;,&quot;right&quot;:&quot;&quot;,&quot;bottom&quot;:&quot;&quot;,&quot;left&quot;:&quot;&quot;}},&quot;initialize_empty&quot;:&quot;0&quot;,&quot;id&quot;:1603239652209}\" >\n\n\t\t\t\t\t            <div class=\"slick-slide-item repeater-0\">\n              <div class=\"wppb-carousel-content-wrap right_media\">\n\n\t\t\t\t\t\t\t                            <div class=\"wppb-container\">\n\t\t\t\t\t\t\t\t\t\t\t\t\t\t\t\t                                    <div class=\"wppb-carousel-content-in\">\n\t\t\t\t\t\t\t\t\t\t\t\t\t\t\t\t\t\t\t\t<h2 class=\"animated wppb-carousel-title\" >Membro de Alian\u00e7a<\/h2>\t\t\t\t\t\t\t\t\t\t<h3 class=\"animated wppb-carousel-subtitle\" >Rita<\/h3>\t\t\t\t\t\t\t\t\t\t<div class=\"animated wppb-carousel-content\" >Meu nome \u00e9 Rita, sou serva na comunidade HODIE e gostaria de dar este pequeno testemunho. Mediante a situa\u00e7\u00e3o que estamos vivendo referente a Pandemia, tamb\u00e9m perdi meu emprego, igual a muitos irm\u00e3os. Com filhos e netos que dependem de mim, no primeiro momento senti perder o ch\u00e3o, mas clamei o sangue de Jesus e entreguei toda incerteza nas m\u00e3os de Nossa Senhora. Na semana seguinte rezando me veio uma inspira\u00e7\u00e3o de Deus, para fazer uma das coisas que gosto que \u00e9 cozinhar. Passei a fazer bolos caseiros para vender. Com ajuda de uma irm\u00e3 aprendi a fazer p\u00e3es recheados e a diversificar meu trabalho. Com a Gra\u00e7a de Deus estou conseguindo realizar minhas vendas. A cada tempestade que passamos n\u00e3o podemos perder a esperan\u00e7a, devemos seguir os passos de Maria, sermos humildes e ter f\u00e9, crer e esperar em Jesus, Ele n\u00e3o nos decepciona. Precisamos estar sempre em comunh\u00e3o com Deus, como nosso patrono Santo Expedito nos ensina, devemos estar em ordem de batalha, rezando o Santo ter\u00e7o todos os dias, pois ele \u00e9 nossa arma poderosa, \u00e9 atrav\u00e9s da ora\u00e7\u00e3o que Deus nos d\u00e1 for\u00e7a que precisamos para vencer. Nos momentos de sofrimento que n\u00e3o conseguimos rezar, podemos contar com as ora\u00e7\u00f5es dos intercessores da comunidade HODIE e pedir sempre para nossa M\u00e3ezinha, pois, ela vem em nosso socorro. N\u00e3o podemos nos esquecer que nossa Convers\u00e3o \u00e9 Urgente, \u00e9 para hoje e que nascemos para adorar a Deus, nosso mestre e criador. A paz de Jesus e o amor de Maria esteja com cada um de voc\u00eas. A Comunidade HODIE est\u00e1 de portas abertas para receb\u00ea \u2013 los.s<\/div>\t\t\t\t\t\t\t\t\t\t<a  href=\"#\" target=_self class=\"animated wppb-carousel-btn wppb-btn-carousel1\" >Get Started<\/a>\t\t\t\t\t\t\t\t\t\t                                    <\/div> <!--\/.wppb-carousel-content-in-->\n\t\t\t\t\t\t\t\t\t                                        <div class=\"wppb-carousel-media wppb-carousel-media-right\">\n\t\t\t\t\t\t\t\t\t\t\t<img src=\"https:\/\/comunidadehodie.com.br\/novo\/wp-content\/uploads\/2014\/03\/rita.jpg\" class=\"animated\"  alt=\"image\" \/>                                        <\/div>\n\t\t\t\t\t\t\t\t\t                                <\/div> <!--\/.wppb-container-->\n                            <\/div> <!--\/.wppb-carousel-content-wrap-->\n                        <\/div> <!--\/.repeater-->\n\t\t\t\t\t\t            <div class=\"slick-slide-item repeater-1\">\n              <div class=\"wppb-carousel-content-wrap left_media\">\n\n\t\t\t\t\t\t\t                            <div class=\"wppb-container\">\n\t\t\t\t\t\t\t\t                                    <div class=\"wppb-carousel-media wppb-carousel-media-left\">\n\t\t\t\t\t\t\t\t\t\t<img src=\"https:\/\/comunidadehodie.com.br\/novo\/wp-content\/plugins\/wp-pagebuilder\/assets\/img\/placeholder\/wppb-medium.jpg\" class=\"animated\"  alt=\"image\" \/>                                    <\/div>\n\t\t\t\t\t\t\t\t\t\t\t\t\t\t\t\t                                    <div class=\"wppb-carousel-content-in\">\n\t\t\t\t\t\t\t\t\t\t\t\t\t\t\t\t\t\t\t\t<h2 class=\"animated wppb-carousel-title\" ><\/h2>\t\t\t\t\t\t\t\t\t\t<h3 class=\"animated wppb-carousel-subtitle\" ><\/h3>\t\t\t\t\t\t\t\t\t\t<div class=\"animated wppb-carousel-content\" ><\/div>\t\t\t\t\t\t\t\t\t\t<a  href=\"#\" target=_self class=\"animated wppb-carousel-btn wppb-btn-carousel1\" >Learn More<\/a>\t\t\t\t\t\t\t\t\t\t                                    <\/div> <!--\/.wppb-carousel-content-in-->\n\t\t\t\t\t\t\t\t\t                                <\/div> <!--\/.wppb-container-->\n                            <\/div> <!--\/.wppb-carousel-content-wrap-->\n                        <\/div> <!--\/.repeater-->\n\t\t\t\t\t\t            <div class=\"slick-slide-item repeater-2\">\n              <div class=\"wppb-carousel-content-wrap right_media\">\n\n\t\t\t\t\t\t\t                            <div class=\"wppb-container\">\n\t\t\t\t\t\t\t\t\t\t\t\t\t\t\t\t                                    <div class=\"wppb-carousel-content-in\">\n\t\t\t\t\t\t\t\t\t\t\t\t\t\t\t\t\t\t\t\t<h2 class=\"animated wppb-carousel-title\" ><\/h2>\t\t\t\t\t\t\t\t\t\t<h3 class=\"animated wppb-carousel-subtitle\" ><\/h3>\t\t\t\t\t\t\t\t\t\t<div class=\"animated wppb-carousel-content\" ><\/div>\t\t\t\t\t\t\t\t\t\t\t\t\t\t\t\t\t\t\t\t                                    <\/div> <!--\/.wppb-carousel-content-in-->\n\t\t\t\t\t\t\t\t\t                                        <div class=\"wppb-carousel-media wppb-carousel-media-right\">\n\t\t\t\t\t\t\t\t\t\t\t<img src=\"https:\/\/comunidadehodie.com.br\/novo\/wp-content\/plugins\/wp-pagebuilder\/assets\/img\/placeholder\/wppb-medium.jpg\" class=\"animated\"  alt=\"image\" \/>                                        <\/div>\n\t\t\t\t\t\t\t\t\t                                <\/div> <!--\/.wppb-container-->\n                            <\/div> <!--\/.wppb-carousel-content-wrap-->\n                        <\/div> <!--\/.repeater-->\n\t\t\t\t\t\t                    <\/div> <!--\/.wppb-carousel-->\n                <\/div> <!--\/.wppb-carousel-addon-content-->\n            <\/div> <!--\/.wppb-carousel-addon-->\n\n\t\t\t<\/div><\/div>                                            <\/div>\n                                        <\/div>\n                                    <\/div>\n\t\t\t\t\t\t\t\t\t                        <\/div>\n\n                    <\/div>\n                <\/div>\n\t\t\t\t<\/div>","protected":false},"excerpt":{"rendered":"<p>Membro de Alian\u00e7a Rita Meu nome \u00e9 Rita, sou serva na comunidade HODIE e gostaria de dar este pequeno testemunho. Mediante a situa\u00e7\u00e3o que estamos vivendo referente a Pandemia, tamb\u00e9m perdi meu emprego, igual a muitos irm\u00e3os. Com filhos e netos que dependem de mim, no primeiro momento senti perder o ch\u00e3o, mas clamei o sangue de Jesus e entreguei toda incerteza nas m\u00e3os de Nossa Senhora. Na semana seguinte rezando me veio uma inspira\u00e7\u00e3o de Deus, para fazer uma&hellip;<\/p>\n","protected":false},"author":1,"featured_media":0,"parent":0,"menu_order":0,"comment_status":"closed","ping_status":"closed","template":"","meta":[],"_links":{"self":[{"href":"https:\/\/comunidadehodie.com.br\/novo\/wp-json\/wp\/v2\/pages\/3714"}],"collection":[{"href":"https:\/\/comunidadehodie.com.br\/novo\/wp-json\/wp\/v2\/pages"}],"about":[{"href":"https:\/\/comunidadehodie.com.br\/novo\/wp-json\/wp\/v2\/types\/page"}],"author":[{"embeddable":true,"href":"https:\/\/comunidadehodie.com.br\/novo\/wp-json\/wp\/v2\/users\/1"}],"replies":[{"embeddable":true,"href":"https:\/\/comunidadehodie.com.br\/novo\/wp-json\/wp\/v2\/comments?post=3714"}],"version-history":[{"count":1,"href":"https:\/\/comunidadehodie.com.br\/novo\/wp-json\/wp\/v2\/pages\/3714\/revisions"}],"predecessor-version":[{"id":3715,"href":"https:\/\/comunidadehodie.com.br\/novo\/wp-json\/wp\/v2\/pages\/3714\/revisions\/3715"}],"wp:attachment":[{"href":"https:\/\/comunidadehodie.com.br\/novo\/wp-json\/wp\/v2\/media?parent=3714"}],"curies":[{"name":"wp","href":"https:\/\/api.w.org\/{rel}","templated":true}]}}