{"id":3757,"date":"2020-10-20T21:34:40","date_gmt":"2020-10-21T00:34:40","guid":{"rendered":"https:\/\/comunidadehodie.com.br\/novo\/?page_id=3757"},"modified":"2020-10-21T01:25:12","modified_gmt":"2020-10-21T04:25:12","slug":"faca-sua-doacao","status":"publish","type":"page","link":"https:\/\/comunidadehodie.com.br\/novo\/faca-sua-doacao\/","title":{"rendered":"Fa\u00e7a sua Doa\u00e7\u00e3o"},"content":{"rendered":"<div id=\"wppb-builder-container\" class=\"wppb-builder-container\">                <div  class=\"wppb-row-parent  wppb-row-1603241975721 \"  >\n\t\t\t\t\t\n\t\t\t\t\t\t\t\t\t\t\n\t\t\t\t\t\t\t\t\t\t\n\t\t\t\t\t<div class=\"wppb-container \">\n\t\t\t\t\t\t\t\t\t\t\t\t\t\n                        <div class=\"wppb-row\">\n\t\t\t\t\t\t\t                                    <div  class=\"wppb-column-parent wppb-column-parent-view wppb-col-1603241975720  \"  >\n                                        <div class=\"wppb-column\">\n\t\t\t\t\t\n\t\t\t\t\t\t\t\t\t\t\t\n                                            <div class=\"wppb-builder-addons\">\n\t\t\t\t\t\t\t\t\t\t\t\t<div class='wppb-builder-addon wppb-widget-1603242057281 wppb-addon-1603242057281'  data-addon-id='1603242057281'><div class='wppb-widget'><div class=\"textwidget custom-html-widget\"><\/div><\/div><\/div>                                            <\/div>\n                                        <\/div>\n                                    <\/div>\n\t\t\t\t\t\t\t\t\t                        <\/div>\n\n                    <\/div>\n                <\/div>\n\t\t\t\t                <div  class=\"wppb-row-parent  wppb-row-1603241975745 \"  >\n\t\t\t\t\t\n\t\t\t\t\t\t\t\t\t\t\n\t\t\t\t\t\t\t\t\t\t\n\t\t\t\t\t<div class=\"wppb-container \">\n\t\t\t\t\t\t\t\t\t\t\t\t\t\n                        <div class=\"wppb-row\">\n\t\t\t\t\t\t\t                                    <div  class=\"wppb-column-parent wppb-column-parent-view wppb-col-1603241975744  \"  >\n                                        <div class=\"wppb-column\">\n\t\t\t\t\t\n\t\t\t\t\t\t\t\t\t\t\t\n                                            <div class=\"wppb-builder-addons\">\n\t\t\t\t\t\t\t\t\t\t\t\t<div class='wppb-builder-addon wppb-widget-1603242279615 wppb-addon-1603242279615'  data-addon-id='1603242279615'><div class='wppb-widget'>\t\t\t<div class=\"textwidget\"><h4 class=\"wppb-addon-title\">Sua doa\u00e7\u00e3o \u00e9 um ato de amor a Deus e ao pr\u00f3ximo. Com ela, voc\u00ea nos ajuda na manuten\u00e7\u00e3o da estrutura e no funcionamento da comunidade. Como, por exemplo, dos nossos canais de comunica\u00e7\u00e3o. Atrav\u00e9s dos quais levamos alimento espiritual, por meio da palavra de Deus e de ora\u00e7\u00f5es. Nos ajuda tamb\u00e9m a ir ao encontro dos irm\u00e3os mais necessitados e marginalizados. No CEASE \u2013 Centro de Evangeliza\u00e7\u00e3o e A\u00e7\u00e3o Social Santo Expedito -, mais de uma centena de fam\u00edlias carentes s\u00e3o atendidas. Nas visitas realizadas mensalmente s\u00e3o fornecidas a essas fam\u00edlias alimentos, medicamentos, roupas e utens\u00edlios dom\u00e9sticos. Doados por meio de campanhas ou diretamente, por pessoas que frequentam a Comunidade Hodie. Seja voc\u00ea tamb\u00e9m um construtor dessa obra de amor, doando atrav\u00e9s dos canais que disponibilizamos.<\/h4>\n<\/div>\n\t\t<\/div><\/div>                                            <\/div>\n                                        <\/div>\n                                    <\/div>\n\t\t\t\t\t\t\t\t\t                        <\/div>\n\n                    <\/div>\n                <\/div>\n\t\t\t\t                <div  class=\"wppb-row-parent  wppb-row-1603240774885 \"  >\n\t\t\t\t\t\n\t\t\t\t\t\t\t\t\t\t\n\t\t\t\t\t\t\t\t\t\t\n\t\t\t\t\t<div class=\"wppb-container wppb-container-full wppb-contaner-no-gutter\">\n\t\t\t\t\t\t\t\t\t\t\t\t\t\n                        <div class=\"wppb-row\">\n\t\t\t\t\t\t\t                                    <div  class=\"wppb-column-parent wppb-column-parent-view wppb-col-1603240774882  \"  >\n                                        <div class=\"wppb-column\">\n\t\t\t\t\t\n\t\t\t\t\t\t\t\t\t\t\t\n                                            <div class=\"wppb-builder-addons\">\n\t\t\t\t\t\t\t\t\t\t\t\t<div class='wppb-builder-addon wppb-addon-1603241017841'  data-addon-id='1603241017841'><div class='wppb-addon'><div class=\"wppb-feature-box-addon\"><div class=\"wppb-feature-box-content\"><div class=\"wppb-feature-box-icon\"><i class=\"fas fa-church\"><\/i><\/div><h4 class=\"wppb-feature-box-title wppb-wow wppb-animated fadeIn\" data-wow-duration=\"400ms\" data-wow-delay=\"300ms\"><a  href=\"https:\/\/www.google.com\/maps\/place\/Comunidade+Hodie+-+Diocese+de+Franca\/@-20.4988225,-47.3751446,17z\/data=!3m1!4b1!4m5!3m4!1s0x94b0a680581070a3:0x30f9b9ae72686ffd!8m2!3d-20.4988225!4d-47.3729559\" target=_blank>NA COMUNIDADE<\/a><\/h4><div class=\"wppb-feature-box-intro\">Voc\u00ea pode ir pessoalmente a nossa Comunidade levar sua contribui\u00e7\u00e3o.\n<\/div><a target=_self href=\"#\"  class=\"wppb-btn-addons \"><i class=\"wppb-font-map-location\"><\/i> <span>Mapa<\/span><\/a><\/div><\/div><\/div><\/div>                                            <\/div>\n                                        <\/div>\n                                    <\/div>\n\t\t\t\t\t\t\t\t\t                                    <div  class=\"wppb-column-parent wppb-column-parent-view wppb-col-1603240774883  \"  >\n                                        <div class=\"wppb-column\">\n\t\t\t\t\t\n\t\t\t\t\t\t\t\t\t\t\t\n                                            <div class=\"wppb-builder-addons\">\n\t\t\t\t\t\t\t\t\t\t\t\t<div class='wppb-builder-addon wppb-addon-1603241400793'  data-addon-id='1603241400793'><div class='wppb-addon'><div class=\"wppb-feature-box-addon\"><div class=\"wppb-feature-box-content\"><div class=\"wppb-feature-box-icon\"><i class=\"fas fa-money-bill-alt\"><\/i><\/div><h4 class=\"wppb-feature-box-title\"> DEPOSITO TED OU DOC<\/h4><div class=\"wppb-feature-box-intro\">Voc\u00ea tamb\u00e9m pode enviar via deposito ou transfer\u00eancia pelos canais digitais.\n<\/div><a target=_self href=\"#\" rel=nofolow class=\"wppb-btn-addons \"><span>Banco Sicoob (756) Agencia: 4321 CREDACIF C\/C: 2001.896-7 CNPJ 18913428\/0001-90<\/span><\/a><\/div><\/div><\/div><\/div>                                            <\/div>\n                                        <\/div>\n                                    <\/div>\n\t\t\t\t\t\t\t\t\t                                    <div  class=\"wppb-column-parent wppb-column-parent-view wppb-col-1603240774884  \"  >\n                                        <div class=\"wppb-column\">\n\t\t\t\t\t\n\t\t\t\t\t\t\t\t\t\t\t\n                                            <div class=\"wppb-builder-addons\">\n\t\t\t\t\t\t\t\t\t\t\t\t<div class='wppb-builder-addon wppb-addon-1603241609979'  data-addon-id='1603241609979'><div class='wppb-addon'><div class=\"wppb-feature-box-addon\"><div class=\"wppb-feature-box-content\"><div class=\"wppb-feature-box-icon\"><i class=\"fas fa-pager\"><\/i><\/div><h4 class=\"wppb-feature-box-title\"><a  href=\"https:\/\/comunidadehodie.com.br\/novo\/faca-sua-doacao\/projeto-maos-solidarias\/\" target=_blank>ONLINE<\/a><\/h4><div class=\"wppb-feature-box-intro\">Voc\u00ea pode colaborar pelos meios digitais, pagamento online Via Paypal, PagSeguro e outros.<\/div><a target=_self href=\"https:\/\/comunidadehodie.com.br\/novo\/faca-sua-doacao\/projeto-maos-solidarias\/\"  class=\"wppb-btn-addons \"><span>Fa\u00e7a Agora<\/span><\/a><\/div><\/div><\/div><\/div>                                            <\/div>\n                                        <\/div>\n                                    <\/div>\n\t\t\t\t\t\t\t\t\t                        <\/div>\n\n                    <\/div>\n                <\/div>\n\t\t\t\t                <div  class=\"wppb-row-parent  wppb-row-1611138560955 \"  >\n\t\t\t\t\t\n\t\t\t\t\t\t\t\t\t\t\n\t\t\t\t\t\t\t\t\t\t\n\t\t\t\t\t<div class=\"wppb-container \">\n\t\t\t\t\t\t\t\t\t\t\t\t\t\n                        <div class=\"wppb-row\">\n\t\t\t\t\t\t\t                                    <div  class=\"wppb-column-parent wppb-column-parent-view wppb-col-1611138560953  \"  >\n                                        <div class=\"wppb-column\">\n\t\t\t\t\t\n\t\t\t\t\t\t\t\t\t\t\t\n                                            <div class=\"wppb-builder-addons\">\n\t\t\t\t\t\t\t\t\t\t\t\t<div class='wppb-builder-addon wppb-addon-1611138598489'  data-addon-id='1611138598489'><div class='wppb-addon'><div class=\"wppb-text-block-addon\"><div class=\"wppb-text-block-content 0\"><p style=\"text-align: center;\">Tamb\u00e9m \u00e9 poss\u00edvel fazer um PIX, basta apontar a camera para o QRcode abaixo para ser direcionado.<\/p><\/div><\/div><\/div><\/div>                                            <\/div>\n                                        <\/div>\n                                    <\/div>\n\t\t\t\t\t\t\t\t\t                                    <div  class=\"wppb-column-parent wppb-column-parent-view wppb-col-1611138560954  \"  >\n                                        <div class=\"wppb-column\">\n\t\t\t\t\t\n\t\t\t\t\t\t\t\t\t\t\t\n                                            <div class=\"wppb-builder-addons\">\n\t\t\t\t\t\t\t\t\t\t\t\t<div class='wppb-builder-addon wppb-addon-1611138679084'  data-addon-id='1611138679084'><div class='wppb-addon'><div class=\"wppb-image-addon\"><figure class=\"wppb-image-addon-content-wrap\"><div class=\"wppb-image-addon-content wppb-imginlineblock\"><img class=\"wppb-image-addon-img\" src=\"https:\/\/comunidadehodie.com.br\/novo\/wp-content\/uploads\/2021\/01\/QR-CODE-PIX.png\" alt=\"\"><\/div><figcaption class=\"wppb-addon-image-caption\">PIX <\/figcaption><\/figure><\/div><\/div><\/div>                                            <\/div>\n                                        <\/div>\n                                    <\/div>\n\t\t\t\t\t\t\t\t\t                        <\/div>\n\n                    <\/div>\n                <\/div>\n\t\t\t\t<\/div>","protected":false},"excerpt":{"rendered":"<p>Sua doa\u00e7\u00e3o \u00e9 um ato de amor a Deus e ao pr\u00f3ximo. Com ela, voc\u00ea nos ajuda na manuten\u00e7\u00e3o da estrutura e no funcionamento da comunidade. Como, por exemplo, dos nossos canais de comunica\u00e7\u00e3o. Atrav\u00e9s dos quais levamos alimento espiritual, por meio da palavra de Deus e de ora\u00e7\u00f5es. Nos ajuda tamb\u00e9m a ir ao encontro dos irm\u00e3os mais necessitados e marginalizados. No CEASE \u2013 Centro de Evangeliza\u00e7\u00e3o e A\u00e7\u00e3o Social Santo Expedito -, mais de uma centena de fam\u00edlias&hellip;<\/p>\n","protected":false},"author":1,"featured_media":0,"parent":0,"menu_order":0,"comment_status":"closed","ping_status":"closed","template":"","meta":[],"_links":{"self":[{"href":"https:\/\/comunidadehodie.com.br\/novo\/wp-json\/wp\/v2\/pages\/3757"}],"collection":[{"href":"https:\/\/comunidadehodie.com.br\/novo\/wp-json\/wp\/v2\/pages"}],"about":[{"href":"https:\/\/comunidadehodie.com.br\/novo\/wp-json\/wp\/v2\/types\/page"}],"author":[{"embeddable":true,"href":"https:\/\/comunidadehodie.com.br\/novo\/wp-json\/wp\/v2\/users\/1"}],"replies":[{"embeddable":true,"href":"https:\/\/comunidadehodie.com.br\/novo\/wp-json\/wp\/v2\/comments?post=3757"}],"version-history":[{"count":1,"href":"https:\/\/comunidadehodie.com.br\/novo\/wp-json\/wp\/v2\/pages\/3757\/revisions"}],"predecessor-version":[{"id":3758,"href":"https:\/\/comunidadehodie.com.br\/novo\/wp-json\/wp\/v2\/pages\/3757\/revisions\/3758"}],"wp:attachment":[{"href":"https:\/\/comunidadehodie.com.br\/novo\/wp-json\/wp\/v2\/media?parent=3757"}],"curies":[{"name":"wp","href":"https:\/\/api.w.org\/{rel}","templated":true}]}}