{"id":3760,"date":"2020-10-20T21:37:37","date_gmt":"2020-10-21T00:37:37","guid":{"rendered":"https:\/\/comunidadehodie.com.br\/novo\/?page_id=3760"},"modified":"2020-10-20T21:37:38","modified_gmt":"2020-10-21T00:37:38","slug":"construcao-do-santuario","status":"publish","type":"page","link":"https:\/\/comunidadehodie.com.br\/novo\/faca-sua-doacao\/construcao-do-santuario\/","title":{"rendered":"Constru\u00e7\u00e3o do Santu\u00e1rio"},"content":{"rendered":"<div id=\"wppb-builder-container\" class=\"wppb-builder-container\">                <div  class=\"wppb-row-parent  wppb-row-1617560820157 \"  >\n\t\t\t\t\t\n\t\t\t\t\t\t\t\t\t\t\n\t\t\t\t\t\t\t\t\t\t\n\t\t\t\t\t<div class=\"wppb-container \">\n\t\t\t\t\t\t\t\t\t\t\t\t\t\n                        <div class=\"wppb-row\">\n\t\t\t\t\t\t\t                                    <div  class=\"wppb-column-parent wppb-column-parent-view wppb-col-1617560820156  \"  >\n                                        <div class=\"wppb-column\">\n\t\t\t\t\t\n\t\t\t\t\t\t\t\t\t\t\t\n                                            <div class=\"wppb-builder-addons\">\n\t\t\t\t\t\t\t\t\t\t\t\t<div class='wppb-builder-addon wppb-widget- wppb-addon-'  data-addon-id=''><div class='wppb-widget'><\/div><\/div>                                            <\/div>\n                                        <\/div>\n                                    <\/div>\n\t\t\t\t\t\t\t\t\t                        <\/div>\n\n                    <\/div>\n                <\/div>\n\t\t\t\t                <div  class=\"wppb-row-parent  wppb-row-1622025907545 \"  >\n\t\t\t\t\t\n\t\t\t\t\t\t\t\t\t\t\n\t\t\t\t\t\t\t\t\t\t\n\t\t\t\t\t<div class=\"wppb-container \">\n\t\t\t\t\t\t\t\t\t\t\t\t\t\n                        <div class=\"wppb-row\">\n\t\t\t\t\t\t\t                                    <div  class=\"wppb-column-parent wppb-column-parent-view wppb-col-1622025907544  \"  >\n                                        <div class=\"wppb-column\">\n\t\t\t\t\t\n\t\t\t\t\t\t\t\t\t\t\t\n                                            <div class=\"wppb-builder-addons\">\n\t\t\t\t\t\t\t\t\t\t\t\t<div class='wppb-builder-addon wppb-addon-1622026051901'  data-addon-id='1622026051901'><div class='wppb-addon'><div class=\"wppb-headline-addon\"><div class=\"wppb-headline-content\"><h1 class=\"wppb-addon-title\">Nos ajude na constru\u00e7\u00e3o do Santuario. Para mais informa\u00e7\u00f5es ligue na secretaria 16 3724-0961 Falar com a Mara<\/h1><\/div><\/div><\/div><\/div>                                            <\/div>\n                                        <\/div>\n                                    <\/div>\n\t\t\t\t\t\t\t\t\t                        <\/div>\n\n                    <\/div>\n                <\/div>\n\t\t\t\t                <div  class=\"wppb-row-parent  wppb-row-1622025907541 \"  >\n\t\t\t\t\t\n\t\t\t\t\t\t\t\t\t\t\n\t\t\t\t\t\t\t\t\t\t\n\t\t\t\t\t<div class=\"wppb-container \">\n\t\t\t\t\t\t\t\t\t\t\t\t\t\n                        <div class=\"wppb-row\">\n\t\t\t\t\t\t\t                                    <div  class=\"wppb-column-parent wppb-column-parent-view wppb-col-1622025907540  \"  >\n                                        <div class=\"wppb-column\">\n\t\t\t\t\t\n\t\t\t\t\t\t\t\t\t\t\t\n                                            <div class=\"wppb-builder-addons\">\n\t\t\t\t\t\t\t\t\t\t\t\t<div class='wppb-builder-addon wppb-widget-1622025958983 wppb-addon-1622025958983'  data-addon-id='1622025958983'><div class='wppb-widget'><img width=\"284\" height=\"300\" src=\"https:\/\/comunidadehodie.com.br\/novo\/wp-content\/uploads\/2021\/05\/QR-Code-Sicoob-Maos-a-Obra-284x300.jpg\" class=\"image wp-image-3802  attachment-medium size-medium\" alt=\"\" loading=\"lazy\" style=\"max-width: 100%; height: auto;\" srcset=\"https:\/\/comunidadehodie.com.br\/novo\/wp-content\/uploads\/2021\/05\/QR-Code-Sicoob-Maos-a-Obra-284x300.jpg 284w, https:\/\/comunidadehodie.com.br\/novo\/wp-content\/uploads\/2021\/05\/QR-Code-Sicoob-Maos-a-Obra-110x116.jpg 110w, https:\/\/comunidadehodie.com.br\/novo\/wp-content\/uploads\/2021\/05\/QR-Code-Sicoob-Maos-a-Obra.jpg 312w\" sizes=\"(max-width: 284px) 100vw, 284px\" \/><\/div><\/div>            <div  class=\"wppb-row-parent wppb-inner-row-parent wppb-row-1622025907836 \">\n\t\t\t\n\t\t\t\t\t\t\n\t\t\t\t<div class=\"wppb-container\">\n                    <div class=\"wppb-row\">\n\t\t\t\t\t\t                                <div  class=\"wppb-column-parent wppb-column-parent-view wppb-col-1622025907837  \" >\n                                    <div class=\"wppb-column\">\n                                        <div class=\"wppb-builder-addons\">\n\t\t\t\t\t\t\t\t\t\t\t                                        <\/div>\n                                    <\/div>\n                                <\/div>\n\t\t\t\t\t\t\t\t                    <\/div>\n                <\/div>\n            <\/div>\n\t\t\t                                            <\/div>\n                                        <\/div>\n                                    <\/div>\n\t\t\t\t\t\t\t\t\t                        <\/div>\n\n                    <\/div>\n                <\/div>\n\t\t\t\t                <div  class=\"wppb-row-parent  wppb-row-1617562767584 \"  >\n\t\t\t\t\t\n\t\t\t\t\t\t\t\t\t\t\n\t\t\t\t\t\t\t\t\t\t\n\t\t\t\t\t<div class=\"wppb-container \">\n\t\t\t\t\t\t\t\t\t\t\t\t\t\n                        <div class=\"wppb-row\">\n\t\t\t\t\t\t\t                                    <div  class=\"wppb-column-parent wppb-column-parent-view wppb-col-1617562767583  \"  >\n                                        <div class=\"wppb-column\">\n\t\t\t\t\t\n\t\t\t\t\t\t\t\t\t\t\t\n                                            <div class=\"wppb-builder-addons\">\n\t\t\t\t\t\t\t\t\t\t\t\t<div class='wppb-builder-addon wppb-widget-1617562781719 wppb-addon-1617562781719'  data-addon-id='1617562781719'><div class='wppb-widget'><h5>Fevereiro 2021<\/h5><div id='gallery-1' class='gallery galleryid-3760 gallery-columns-3 gallery-size-portfolio'><dl class='gallery-item'>\n\t\t\t<dt class='gallery-icon landscape'>\n\t\t\t\t<a data-gallery=\"gallery\" href='https:\/\/comunidadehodie.com.br\/novo\/wp-content\/uploads\/2021\/04\/WhatsApp-Image-2021-03-20-at-8.16.42-PM.jpeg'><img width=\"600\" height=\"400\" src=\"https:\/\/comunidadehodie.com.br\/novo\/wp-content\/uploads\/2021\/04\/WhatsApp-Image-2021-03-20-at-8.16.42-PM-600x400.jpeg\" class=\"attachment-portfolio size-portfolio\" alt=\"\" loading=\"lazy\" \/><\/a>\n\t\t\t<\/dt><\/dl><dl class='gallery-item'>\n\t\t\t<dt class='gallery-icon landscape'>\n\t\t\t\t<a data-gallery=\"gallery\" href='https:\/\/comunidadehodie.com.br\/novo\/wp-content\/uploads\/2021\/04\/WhatsApp-Image-2021-03-20-at-8.16.43-PM.jpeg'><img width=\"600\" height=\"400\" src=\"https:\/\/comunidadehodie.com.br\/novo\/wp-content\/uploads\/2021\/04\/WhatsApp-Image-2021-03-20-at-8.16.43-PM-600x400.jpeg\" class=\"attachment-portfolio size-portfolio\" alt=\"\" loading=\"lazy\" \/><\/a>\n\t\t\t<\/dt><\/dl><dl class='gallery-item'>\n\t\t\t<dt class='gallery-icon landscape'>\n\t\t\t\t<a data-gallery=\"gallery\" href='https:\/\/comunidadehodie.com.br\/novo\/wp-content\/uploads\/2021\/04\/WhatsApp-Image-2021-03-20-at-8.16.49-PM.jpeg'><img width=\"600\" height=\"400\" src=\"https:\/\/comunidadehodie.com.br\/novo\/wp-content\/uploads\/2021\/04\/WhatsApp-Image-2021-03-20-at-8.16.49-PM-600x400.jpeg\" class=\"attachment-portfolio size-portfolio\" alt=\"\" loading=\"lazy\" \/><\/a>\n\t\t\t<\/dt><\/dl><br style=\"clear: both\" \/><dl class='gallery-item'>\n\t\t\t<dt class='gallery-icon landscape'>\n\t\t\t\t<a data-gallery=\"gallery\" href='https:\/\/comunidadehodie.com.br\/novo\/wp-content\/uploads\/2021\/04\/WhatsApp-Image-2021-03-20-at-8.16.47-PM.jpeg'><img width=\"600\" height=\"400\" src=\"https:\/\/comunidadehodie.com.br\/novo\/wp-content\/uploads\/2021\/04\/WhatsApp-Image-2021-03-20-at-8.16.47-PM-600x400.jpeg\" class=\"attachment-portfolio size-portfolio\" alt=\"\" loading=\"lazy\" \/><\/a>\n\t\t\t<\/dt><\/dl><dl class='gallery-item'>\n\t\t\t<dt class='gallery-icon landscape'>\n\t\t\t\t<a data-gallery=\"gallery\" href='https:\/\/comunidadehodie.com.br\/novo\/wp-content\/uploads\/2021\/04\/WhatsApp-Image-2021-03-20-at-8.16.47-PM-1.jpeg'><img width=\"600\" height=\"400\" src=\"https:\/\/comunidadehodie.com.br\/novo\/wp-content\/uploads\/2021\/04\/WhatsApp-Image-2021-03-20-at-8.16.47-PM-1-600x400.jpeg\" class=\"attachment-portfolio size-portfolio\" alt=\"\" loading=\"lazy\" \/><\/a>\n\t\t\t<\/dt><\/dl><dl class='gallery-item'>\n\t\t\t<dt class='gallery-icon landscape'>\n\t\t\t\t<a data-gallery=\"gallery\" href='https:\/\/comunidadehodie.com.br\/novo\/wp-content\/uploads\/2021\/04\/WhatsApp-Image-2021-03-20-at-8.16.44-PM.jpeg'><img width=\"600\" height=\"400\" src=\"https:\/\/comunidadehodie.com.br\/novo\/wp-content\/uploads\/2021\/04\/WhatsApp-Image-2021-03-20-at-8.16.44-PM-600x400.jpeg\" class=\"attachment-portfolio size-portfolio\" alt=\"\" loading=\"lazy\" \/><\/a>\n\t\t\t<\/dt><\/dl><br style=\"clear: both\" \/><dl class='gallery-item'>\n\t\t\t<dt class='gallery-icon landscape'>\n\t\t\t\t<a data-gallery=\"gallery\" href='https:\/\/comunidadehodie.com.br\/novo\/wp-content\/uploads\/2021\/04\/WhatsApp-Image-2021-03-20-at-8.16.45-PM.jpeg'><img width=\"600\" height=\"400\" src=\"https:\/\/comunidadehodie.com.br\/novo\/wp-content\/uploads\/2021\/04\/WhatsApp-Image-2021-03-20-at-8.16.45-PM-600x400.jpeg\" class=\"attachment-portfolio size-portfolio\" alt=\"\" loading=\"lazy\" \/><\/a>\n\t\t\t<\/dt><\/dl><dl class='gallery-item'>\n\t\t\t<dt class='gallery-icon landscape'>\n\t\t\t\t<a data-gallery=\"gallery\" href='https:\/\/comunidadehodie.com.br\/novo\/wp-content\/uploads\/2021\/04\/WhatsApp-Image-2021-03-20-at-8.16.46-PM.jpeg'><img width=\"600\" height=\"400\" src=\"https:\/\/comunidadehodie.com.br\/novo\/wp-content\/uploads\/2021\/04\/WhatsApp-Image-2021-03-20-at-8.16.46-PM-600x400.jpeg\" class=\"attachment-portfolio size-portfolio\" alt=\"\" loading=\"lazy\" \/><\/a>\n\t\t\t<\/dt><\/dl><dl class='gallery-item'>\n\t\t\t<dt class='gallery-icon landscape'>\n\t\t\t\t<a data-gallery=\"gallery\" href='https:\/\/comunidadehodie.com.br\/novo\/wp-content\/uploads\/2021\/04\/WhatsApp-Image-2021-03-20-at-8.16.20-PM.jpeg'><img width=\"600\" height=\"400\" src=\"https:\/\/comunidadehodie.com.br\/novo\/wp-content\/uploads\/2021\/04\/WhatsApp-Image-2021-03-20-at-8.16.20-PM-600x400.jpeg\" class=\"attachment-portfolio size-portfolio\" alt=\"Fevereiro 2021\" loading=\"lazy\" \/><\/a>\n\t\t\t<\/dt><\/dl><br style=\"clear: both\" \/>\n\t\t<\/div>\n<\/div><\/div>                                            <\/div>\n                                        <\/div>\n                                    <\/div>\n\t\t\t\t\t\t\t\t\t                        <\/div>\n\n                    <\/div>\n                <\/div>\n\t\t\t\t                <div  class=\"wppb-row-parent  wppb-row-1603253581502 \"  >\n\t\t\t\t\t\n\t\t\t\t\t\t\t\t\t\t\n\t\t\t\t\t\t\t\t\t\t\n\t\t\t\t\t<div class=\"wppb-container \">\n\t\t\t\t\t\t\t\t\t\t\t\t\t\n                        <div class=\"wppb-row\">\n\t\t\t\t\t\t\t                                    <div  class=\"wppb-column-parent wppb-column-parent-view wppb-col-1603253581501  \"  >\n                                        <div class=\"wppb-column\">\n\t\t\t\t\t\n\t\t\t\t\t\t\t\t\t\t\t\n                                            <div class=\"wppb-builder-addons\">\n\t\t\t\t\t\t\t\t\t\t\t\t<div class='wppb-builder-addon wppb-widget-1617562053779 wppb-addon-1617562053779'  data-addon-id='1617562053779'><div class='wppb-widget'><h5>Janeiro 2021<\/h5><div id='gallery-2' class='gallery galleryid-3760 gallery-columns-3 gallery-size-portfolio'><dl class='gallery-item'>\n\t\t\t<dt class='gallery-icon landscape'>\n\t\t\t\t<a data-gallery=\"gallery\" href='https:\/\/comunidadehodie.com.br\/novo\/wp-content\/uploads\/2021\/04\/WhatsApp-Image-2021-03-20-at-8.16.20-PM.jpeg'><img width=\"600\" height=\"400\" src=\"https:\/\/comunidadehodie.com.br\/novo\/wp-content\/uploads\/2021\/04\/WhatsApp-Image-2021-03-20-at-8.16.20-PM-600x400.jpeg\" class=\"attachment-portfolio size-portfolio\" alt=\"Fevereiro 2021\" loading=\"lazy\" \/><\/a>\n\t\t\t<\/dt><\/dl><dl class='gallery-item'>\n\t\t\t<dt class='gallery-icon landscape'>\n\t\t\t\t<a data-gallery=\"gallery\" href='https:\/\/comunidadehodie.com.br\/novo\/wp-content\/uploads\/2021\/04\/WhatsApp-Image-2021-03-20-at-8.16.21-PM.jpeg'><img width=\"600\" height=\"400\" src=\"https:\/\/comunidadehodie.com.br\/novo\/wp-content\/uploads\/2021\/04\/WhatsApp-Image-2021-03-20-at-8.16.21-PM-600x400.jpeg\" class=\"attachment-portfolio size-portfolio\" alt=\"\" loading=\"lazy\" \/><\/a>\n\t\t\t<\/dt><\/dl><dl class='gallery-item'>\n\t\t\t<dt class='gallery-icon landscape'>\n\t\t\t\t<a data-gallery=\"gallery\" href='https:\/\/comunidadehodie.com.br\/novo\/wp-content\/uploads\/2021\/04\/WhatsApp-Image-2021-03-20-at-8.16.21-PM-1.jpeg'><img width=\"600\" height=\"400\" src=\"https:\/\/comunidadehodie.com.br\/novo\/wp-content\/uploads\/2021\/04\/WhatsApp-Image-2021-03-20-at-8.16.21-PM-1-600x400.jpeg\" class=\"attachment-portfolio size-portfolio\" alt=\"\" loading=\"lazy\" \/><\/a>\n\t\t\t<\/dt><\/dl><br style=\"clear: both\" \/><dl class='gallery-item'>\n\t\t\t<dt class='gallery-icon landscape'>\n\t\t\t\t<a data-gallery=\"gallery\" href='https:\/\/comunidadehodie.com.br\/novo\/wp-content\/uploads\/2021\/04\/WhatsApp-Image-2021-03-20-at-8.16.21-PM-2.jpeg'><img width=\"600\" height=\"400\" src=\"https:\/\/comunidadehodie.com.br\/novo\/wp-content\/uploads\/2021\/04\/WhatsApp-Image-2021-03-20-at-8.16.21-PM-2-600x400.jpeg\" class=\"attachment-portfolio size-portfolio\" alt=\"\" loading=\"lazy\" \/><\/a>\n\t\t\t<\/dt><\/dl><dl class='gallery-item'>\n\t\t\t<dt class='gallery-icon landscape'>\n\t\t\t\t<a data-gallery=\"gallery\" href='https:\/\/comunidadehodie.com.br\/novo\/wp-content\/uploads\/2021\/04\/WhatsApp-Image-2021-03-20-at-8.16.21-PM-3.jpeg'><img width=\"600\" height=\"400\" src=\"https:\/\/comunidadehodie.com.br\/novo\/wp-content\/uploads\/2021\/04\/WhatsApp-Image-2021-03-20-at-8.16.21-PM-3-600x400.jpeg\" class=\"attachment-portfolio size-portfolio\" alt=\"\" loading=\"lazy\" \/><\/a>\n\t\t\t<\/dt><\/dl><dl class='gallery-item'>\n\t\t\t<dt class='gallery-icon landscape'>\n\t\t\t\t<a data-gallery=\"gallery\" href='https:\/\/comunidadehodie.com.br\/novo\/wp-content\/uploads\/2021\/04\/WhatsApp-Image-2021-03-20-at-8.16.22-PM.jpeg'><img width=\"600\" height=\"400\" src=\"https:\/\/comunidadehodie.com.br\/novo\/wp-content\/uploads\/2021\/04\/WhatsApp-Image-2021-03-20-at-8.16.22-PM-600x400.jpeg\" class=\"attachment-portfolio size-portfolio\" alt=\"\" loading=\"lazy\" \/><\/a>\n\t\t\t<\/dt><\/dl><br style=\"clear: both\" \/><dl class='gallery-item'>\n\t\t\t<dt class='gallery-icon landscape'>\n\t\t\t\t<a data-gallery=\"gallery\" href='https:\/\/comunidadehodie.com.br\/novo\/wp-content\/uploads\/2021\/04\/WhatsApp-Image-2021-03-20-at-8.16.23-PM.jpeg'><img width=\"600\" height=\"400\" src=\"https:\/\/comunidadehodie.com.br\/novo\/wp-content\/uploads\/2021\/04\/WhatsApp-Image-2021-03-20-at-8.16.23-PM-600x400.jpeg\" class=\"attachment-portfolio size-portfolio\" alt=\"\" loading=\"lazy\" \/><\/a>\n\t\t\t<\/dt><\/dl><dl class='gallery-item'>\n\t\t\t<dt class='gallery-icon landscape'>\n\t\t\t\t<a data-gallery=\"gallery\" href='https:\/\/comunidadehodie.com.br\/novo\/wp-content\/uploads\/2021\/04\/WhatsApp-Image-2021-03-20-at-8.16.25-PM.jpeg'><img width=\"600\" height=\"400\" src=\"https:\/\/comunidadehodie.com.br\/novo\/wp-content\/uploads\/2021\/04\/WhatsApp-Image-2021-03-20-at-8.16.25-PM-600x400.jpeg\" class=\"attachment-portfolio size-portfolio\" alt=\"\" loading=\"lazy\" \/><\/a>\n\t\t\t<\/dt><\/dl><dl class='gallery-item'>\n\t\t\t<dt class='gallery-icon landscape'>\n\t\t\t\t<a data-gallery=\"gallery\" href='https:\/\/comunidadehodie.com.br\/novo\/wp-content\/uploads\/2021\/04\/WhatsApp-Image-2021-03-20-at-8.16.26-PM.jpeg'><img width=\"600\" height=\"400\" src=\"https:\/\/comunidadehodie.com.br\/novo\/wp-content\/uploads\/2021\/04\/WhatsApp-Image-2021-03-20-at-8.16.26-PM-600x400.jpeg\" class=\"attachment-portfolio size-portfolio\" alt=\"Janeiro 2021\" loading=\"lazy\" \/><\/a>\n\t\t\t<\/dt><\/dl><br style=\"clear: both\" \/>\n\t\t<\/div>\n<\/div><\/div>                                            <\/div>\n                                        <\/div>\n                                    <\/div>\n\t\t\t\t\t\t\t\t\t                        <\/div>\n\n                    <\/div>\n                <\/div>\n\t\t\t\t                <div  class=\"wppb-row-parent  wppb-row-1603253581514 \"  >\n\t\t\t\t\t\n\t\t\t\t\t\t\t\t\t\t\n\t\t\t\t\t\t\t\t\t\t\n\t\t\t\t\t<div class=\"wppb-container \">\n\t\t\t\t\t\t\t\t\t\t\t\t\t\n                        <div class=\"wppb-row\">\n\t\t\t\t\t\t\t                                    <div  class=\"wppb-column-parent wppb-column-parent-view wppb-col-1603253581513  \"  >\n                                        <div class=\"wppb-column\">\n\t\t\t\t\t\n\t\t\t\t\t\t\t\t\t\t\t\n                                            <div class=\"wppb-builder-addons\">\n\t\t\t\t\t\t\t\t\t\t\t\t<div class='wppb-builder-addon wppb-addon-1603253638405'  data-addon-id='1603253638405'><div class='wppb-addon'><div class=\"wppb-image-addon\"><figure class=\"wppb-image-addon-content-wrap\"><div class=\"wppb-image-addon-content wppb-imginlineblock\"><img class=\"wppb-image-addon-img\" src=\"https:\/\/comunidadehodie.com.br\/novo\/wp-content\/uploads\/2020\/10\/6f973d23-f191-4820-85a3-143cc5ec3b68.jpg\" alt=\"Image\"><\/div><\/figure><\/div><\/div><\/div>                                            <\/div>\n                                        <\/div>\n                                    <\/div>\n\t\t\t\t\t\t\t\t\t                        <\/div>\n\n                    <\/div>\n                <\/div>\n\t\t\t\t<\/div>","protected":false},"excerpt":{"rendered":"<p>Nos ajude na constru\u00e7\u00e3o do Santuario. Para mais informa\u00e7\u00f5es ligue na secretaria 16 3724-0961 Falar com a Mara Fevereiro 2021 Janeiro 2021<\/p>\n","protected":false},"author":1,"featured_media":0,"parent":3757,"menu_order":0,"comment_status":"closed","ping_status":"closed","template":"","meta":[],"_links":{"self":[{"href":"https:\/\/comunidadehodie.com.br\/novo\/wp-json\/wp\/v2\/pages\/3760"}],"collection":[{"href":"https:\/\/comunidadehodie.com.br\/novo\/wp-json\/wp\/v2\/pages"}],"about":[{"href":"https:\/\/comunidadehodie.com.br\/novo\/wp-json\/wp\/v2\/types\/page"}],"author":[{"embeddable":true,"href":"https:\/\/comunidadehodie.com.br\/novo\/wp-json\/wp\/v2\/users\/1"}],"replies":[{"embeddable":true,"href":"https:\/\/comunidadehodie.com.br\/novo\/wp-json\/wp\/v2\/comments?post=3760"}],"version-history":[{"count":1,"href":"https:\/\/comunidadehodie.com.br\/novo\/wp-json\/wp\/v2\/pages\/3760\/revisions"}],"predecessor-version":[{"id":3761,"href":"https:\/\/comunidadehodie.com.br\/novo\/wp-json\/wp\/v2\/pages\/3760\/revisions\/3761"}],"up":[{"embeddable":true,"href":"https:\/\/comunidadehodie.com.br\/novo\/wp-json\/wp\/v2\/pages\/3757"}],"wp:attachment":[{"href":"https:\/\/comunidadehodie.com.br\/novo\/wp-json\/wp\/v2\/media?parent=3760"}],"curies":[{"name":"wp","href":"https:\/\/api.w.org\/{rel}","templated":true}]}}